{"id":28,"date":"2024-12-19T13:40:29","date_gmt":"2024-12-19T13:40:29","guid":{"rendered":"https:\/\/rentkide.rkinformatika.online\/?page_id=28"},"modified":"2025-02-17T14:33:43","modified_gmt":"2025-02-17T14:33:43","slug":"rentkide","status":"publish","type":"page","link":"https:\/\/rentkide.com\/en\/rentkide\/","title":{"rendered":"RentKide"},"content":{"rendered":"<div data-elementor-type=\"wp-page\" data-elementor-id=\"28\" class=\"elementor elementor-28\" data-elementor-post-type=\"page\">\n\t\t\t\t<div class=\"elementor-element elementor-element-c729d20 e-flex e-con-boxed e-con e-parent\" data-id=\"c729d20\" data-element_type=\"container\" data-e-type=\"container\" data-settings=\"{&quot;background_background&quot;:&quot;classic&quot;}\">\n\t\t\t\t\t<div class=\"e-con-inner\">\n\t\t<div class=\"elementor-element elementor-element-64d03ba e-con-full e-flex e-con e-child\" data-id=\"64d03ba\" data-element_type=\"container\" data-e-type=\"container\">\n\t\t\t\t<div class=\"elementor-element elementor-element-098575e elementor-widget elementor-widget-image\" data-id=\"098575e\" data-element_type=\"widget\" data-e-type=\"widget\" data-widget_type=\"image.default\">\n\t\t\t\t<div class=\"elementor-widget-container\">\n\t\t\t\t\t\t\t\t\t\t\t\t\t\t\t<img fetchpriority=\"high\" decoding=\"async\" width=\"483\" height=\"730\" src=\"https:\/\/rentkide.com\/wp-content\/uploads\/2025\/02\/WhatsApp-Image-2025-02-05-at-12.00.50-e1739287456370.jpeg\" class=\"attachment-large size-large wp-image-846\" alt=\"\" srcset=\"https:\/\/rentkide.com\/wp-content\/uploads\/2025\/02\/WhatsApp-Image-2025-02-05-at-12.00.50-e1739287456370.jpeg 483w, https:\/\/rentkide.com\/wp-content\/uploads\/2025\/02\/WhatsApp-Image-2025-02-05-at-12.00.50-e1739287456370-198x300.jpeg 198w, https:\/\/rentkide.com\/wp-content\/uploads\/2025\/02\/WhatsApp-Image-2025-02-05-at-12.00.50-e1739287456370-8x12.jpeg 8w\" sizes=\"(max-width: 483px) 100vw, 483px\" \/>\t\t\t\t\t\t\t\t\t\t\t\t\t\t\t<\/div>\n\t\t\t\t<\/div>\n\t\t\t\t<\/div>\n\t\t<div class=\"elementor-element elementor-element-3489149 e-con-full e-flex e-con e-child\" data-id=\"3489149\" data-element_type=\"container\" data-e-type=\"container\">\n\t\t\t\t<div class=\"elementor-element elementor-element-3c40a62 elementor-widget elementor-widget-heading\" data-id=\"3c40a62\" data-element_type=\"widget\" data-e-type=\"widget\" data-widget_type=\"heading.default\">\n\t\t\t\t<div class=\"elementor-widget-container\">\n\t\t\t\t\t<h2 class=\"elementor-heading-title elementor-size-default\">Descripci\u00f3n Eukene<\/h2>\t\t\t\t<\/div>\n\t\t\t\t<\/div>\n\t\t\t\t<div class=\"elementor-element elementor-element-801d675 elementor-widget elementor-widget-text-editor\" data-id=\"801d675\" data-element_type=\"widget\" data-e-type=\"widget\" data-widget_type=\"text-editor.default\">\n\t\t\t\t<div class=\"elementor-widget-container\">\n\t\t\t\t\t\t\t\t\t<p>Soy Eukene S\u00e1nchez, fundadora y CEO de Rentkide. Soy una emprendedora apasionada, comprometida con ayudar a los dem\u00e1s. Mi objetivo es ofrecer un servicio de gesti\u00f3n de viviendas tur\u00edsticas que transmita confianza y profesionalismo.<\/p><p>Como madre de familia numerosa, s\u00e9 lo importante que es crear un hogar acogedor para los hu\u00e9spedes. Con mi alegr\u00eda y entusiasmo, he convertido a Rentkide en una empresa de confianza que cuida cada detalle para que los clientes se sientan como en casa.<\/p><p>Adem\u00e1s, valoro mucho mi tiempo libre, que disfruto junto a mi familia y amigos, lo que me permite conectar de manera genuina con mis clientes y entender sus necesidades.<\/p>\t\t\t\t\t\t\t\t<\/div>\n\t\t\t\t<\/div>\n\t\t\t\t<\/div>\n\t\t\t\t\t<\/div>\n\t\t\t\t<\/div>\n\t\t<div class=\"elementor-element elementor-element-f1d0419 e-flex e-con-boxed e-con e-parent\" data-id=\"f1d0419\" data-element_type=\"container\" data-e-type=\"container\">\n\t\t\t\t\t<div class=\"e-con-inner\">\n\t\t<div class=\"elementor-element elementor-element-82a10b1 e-con-full e-flex e-con e-child\" data-id=\"82a10b1\" data-element_type=\"container\" data-e-type=\"container\">\n\t\t\t\t<div class=\"elementor-element elementor-element-6168e42 elementor-widget elementor-widget-heading\" data-id=\"6168e42\" data-element_type=\"widget\" data-e-type=\"widget\" data-widget_type=\"heading.default\">\n\t\t\t\t<div class=\"elementor-widget-container\">\n\t\t\t\t\t<h2 class=\"elementor-heading-title elementor-size-default\">Gestiona tu propia vivienda, te llevamos de la mano. <\/h2>\t\t\t\t<\/div>\n\t\t\t\t<\/div>\n\t\t\t\t<div class=\"elementor-element elementor-element-8a1be13 elementor-widget elementor-widget-image\" data-id=\"8a1be13\" data-element_type=\"widget\" data-e-type=\"widget\" data-widget_type=\"image.default\">\n\t\t\t\t<div class=\"elementor-widget-container\">\n\t\t\t\t\t\t\t\t\t\t\t\t\t\t\t<img decoding=\"async\" width=\"800\" height=\"674\" src=\"https:\/\/rentkide.com\/wp-content\/uploads\/2025\/02\/WhatsApp-Image-2025-02-05-at-12.00.35-1024x863.jpeg\" class=\"attachment-large size-large wp-image-669\" alt=\"\" srcset=\"https:\/\/rentkide.com\/wp-content\/uploads\/2025\/02\/WhatsApp-Image-2025-02-05-at-12.00.35-1024x863.jpeg 1024w, https:\/\/rentkide.com\/wp-content\/uploads\/2025\/02\/WhatsApp-Image-2025-02-05-at-12.00.35-300x253.jpeg 300w, https:\/\/rentkide.com\/wp-content\/uploads\/2025\/02\/WhatsApp-Image-2025-02-05-at-12.00.35-768x647.jpeg 768w, https:\/\/rentkide.com\/wp-content\/uploads\/2025\/02\/WhatsApp-Image-2025-02-05-at-12.00.35-1536x1294.jpeg 1536w, https:\/\/rentkide.com\/wp-content\/uploads\/2025\/02\/WhatsApp-Image-2025-02-05-at-12.00.35-14x12.jpeg 14w, https:\/\/rentkide.com\/wp-content\/uploads\/2025\/02\/WhatsApp-Image-2025-02-05-at-12.00.35.jpeg 1600w\" sizes=\"(max-width: 800px) 100vw, 800px\" \/>\t\t\t\t\t\t\t\t\t\t\t\t\t\t\t<\/div>\n\t\t\t\t<\/div>\n\t\t\t\t<\/div>\n\t\t<div class=\"elementor-element elementor-element-40f4798 e-con-full e-flex e-con e-child\" data-id=\"40f4798\" data-element_type=\"container\" data-e-type=\"container\">\n\t\t\t\t<div class=\"elementor-element elementor-element-ec139d7 elementor-widget elementor-widget-heading\" data-id=\"ec139d7\" data-element_type=\"widget\" data-e-type=\"widget\" data-widget_type=\"heading.default\">\n\t\t\t\t<div class=\"elementor-widget-container\">\n\t\t\t\t\t<h2 class=\"elementor-heading-title elementor-size-default\">Sobre Nosotros<\/h2>\t\t\t\t<\/div>\n\t\t\t\t<\/div>\n\t\t\t\t<div class=\"elementor-element elementor-element-cec8b8c elementor-widget elementor-widget-text-editor\" data-id=\"cec8b8c\" data-element_type=\"widget\" data-e-type=\"widget\" data-widget_type=\"text-editor.default\">\n\t\t\t\t<div class=\"elementor-widget-container\">\n\t\t\t\t\t\t\t\t\t<p>RentKide surge de una trayectoria de m\u00e1s de seis a\u00f1os en la gesti\u00f3n de viviendas tur\u00edsticas, alcanzando una <b>valoraci\u00f3n promedio de 9,8 en las principales plataformas.<\/b><\/p>\t\t\t\t\t\t\t\t<\/div>\n\t\t\t\t<\/div>\n\t\t<div class=\"elementor-element elementor-element-b781172 e-con-full e-flex e-con e-child\" data-id=\"b781172\" data-element_type=\"container\" data-e-type=\"container\">\n\t\t\t\t<div class=\"elementor-element elementor-element-999681c elementor-widget__width-initial elementor-widget elementor-widget-image\" data-id=\"999681c\" data-element_type=\"widget\" data-e-type=\"widget\" data-widget_type=\"image.default\">\n\t\t\t\t<div class=\"elementor-widget-container\">\n\t\t\t\t\t\t\t\t\t\t\t\t\t\t\t<img decoding=\"async\" width=\"512\" height=\"512\" src=\"https:\/\/rentkide.com\/wp-content\/uploads\/2024\/12\/cropped-RentKide-Logo-02b.png\" class=\"attachment-large size-large wp-image-24\" alt=\"\" srcset=\"https:\/\/rentkide.com\/wp-content\/uploads\/2024\/12\/cropped-RentKide-Logo-02b.png 512w, https:\/\/rentkide.com\/wp-content\/uploads\/2024\/12\/cropped-RentKide-Logo-02b-300x300.png 300w, https:\/\/rentkide.com\/wp-content\/uploads\/2024\/12\/cropped-RentKide-Logo-02b-150x150.png 150w, https:\/\/rentkide.com\/wp-content\/uploads\/2024\/12\/cropped-RentKide-Logo-02b-12x12.png 12w, https:\/\/rentkide.com\/wp-content\/uploads\/2024\/12\/cropped-RentKide-Logo-02b-270x270.png 270w, https:\/\/rentkide.com\/wp-content\/uploads\/2024\/12\/cropped-RentKide-Logo-02b-192x192.png 192w, https:\/\/rentkide.com\/wp-content\/uploads\/2024\/12\/cropped-RentKide-Logo-02b-180x180.png 180w, https:\/\/rentkide.com\/wp-content\/uploads\/2024\/12\/cropped-RentKide-Logo-02b-32x32.png 32w\" sizes=\"(max-width: 512px) 100vw, 512px\" \/>\t\t\t\t\t\t\t\t\t\t\t\t\t\t\t<\/div>\n\t\t\t\t<\/div>\n\t\t<div class=\"elementor-element elementor-element-b34a113 e-con-full e-flex e-con e-child\" data-id=\"b34a113\" data-element_type=\"container\" data-e-type=\"container\">\n\t\t\t\t<div class=\"elementor-element elementor-element-fa22eba elementor-view-default elementor-widget elementor-widget-icon\" data-id=\"fa22eba\" data-element_type=\"widget\" data-e-type=\"widget\" data-widget_type=\"icon.default\">\n\t\t\t\t<div class=\"elementor-widget-container\">\n\t\t\t\t\t\t\t<div class=\"elementor-icon-wrapper\">\n\t\t\t<div class=\"elementor-icon\">\n\t\t\t<svg aria-hidden=\"true\" class=\"e-font-icon-svg e-fas-star\" viewbox=\"0 0 576 512\" xmlns=\"http:\/\/www.w3.org\/2000\/svg\"><path d=\"M259.3 17.8L194 150.2 47.9 171.5c-26.2 3.8-36.7 36.1-17.7 54.6l105.7 103-25 145.5c-4.5 26.3 23.2 46 46.4 33.7L288 439.6l130.7 68.7c23.2 12.2 50.9-7.4 46.4-33.7l-25-145.5 105.7-103c19-18.5 8.5-50.8-17.7-54.6L382 150.2 316.7 17.8c-11.7-23.6-45.6-23.9-57.4 0z\"><\/path><\/svg>\t\t\t<\/div>\n\t\t<\/div>\n\t\t\t\t\t\t<\/div>\n\t\t\t\t<\/div>\n\t\t\t\t<div class=\"elementor-element elementor-element-bd9039e elementor-view-default elementor-widget elementor-widget-icon\" data-id=\"bd9039e\" data-element_type=\"widget\" data-e-type=\"widget\" data-widget_type=\"icon.default\">\n\t\t\t\t<div class=\"elementor-widget-container\">\n\t\t\t\t\t\t\t<div class=\"elementor-icon-wrapper\">\n\t\t\t<div class=\"elementor-icon\">\n\t\t\t<svg aria-hidden=\"true\" class=\"e-font-icon-svg e-fas-star\" viewbox=\"0 0 576 512\" xmlns=\"http:\/\/www.w3.org\/2000\/svg\"><path d=\"M259.3 17.8L194 150.2 47.9 171.5c-26.2 3.8-36.7 36.1-17.7 54.6l105.7 103-25 145.5c-4.5 26.3 23.2 46 46.4 33.7L288 439.6l130.7 68.7c23.2 12.2 50.9-7.4 46.4-33.7l-25-145.5 105.7-103c19-18.5 8.5-50.8-17.7-54.6L382 150.2 316.7 17.8c-11.7-23.6-45.6-23.9-57.4 0z\"><\/path><\/svg>\t\t\t<\/div>\n\t\t<\/div>\n\t\t\t\t\t\t<\/div>\n\t\t\t\t<\/div>\n\t\t\t\t<div class=\"elementor-element elementor-element-340150e elementor-view-default elementor-widget elementor-widget-icon\" data-id=\"340150e\" data-element_type=\"widget\" data-e-type=\"widget\" data-widget_type=\"icon.default\">\n\t\t\t\t<div class=\"elementor-widget-container\">\n\t\t\t\t\t\t\t<div class=\"elementor-icon-wrapper\">\n\t\t\t<div class=\"elementor-icon\">\n\t\t\t<svg aria-hidden=\"true\" class=\"e-font-icon-svg e-fas-star\" viewbox=\"0 0 576 512\" xmlns=\"http:\/\/www.w3.org\/2000\/svg\"><path d=\"M259.3 17.8L194 150.2 47.9 171.5c-26.2 3.8-36.7 36.1-17.7 54.6l105.7 103-25 145.5c-4.5 26.3 23.2 46 46.4 33.7L288 439.6l130.7 68.7c23.2 12.2 50.9-7.4 46.4-33.7l-25-145.5 105.7-103c19-18.5 8.5-50.8-17.7-54.6L382 150.2 316.7 17.8c-11.7-23.6-45.6-23.9-57.4 0z\"><\/path><\/svg>\t\t\t<\/div>\n\t\t<\/div>\n\t\t\t\t\t\t<\/div>\n\t\t\t\t<\/div>\n\t\t\t\t<div class=\"elementor-element elementor-element-52f373b elementor-view-default elementor-widget elementor-widget-icon\" data-id=\"52f373b\" data-element_type=\"widget\" data-e-type=\"widget\" data-widget_type=\"icon.default\">\n\t\t\t\t<div class=\"elementor-widget-container\">\n\t\t\t\t\t\t\t<div class=\"elementor-icon-wrapper\">\n\t\t\t<div class=\"elementor-icon\">\n\t\t\t<svg aria-hidden=\"true\" class=\"e-font-icon-svg e-fas-star\" viewbox=\"0 0 576 512\" xmlns=\"http:\/\/www.w3.org\/2000\/svg\"><path d=\"M259.3 17.8L194 150.2 47.9 171.5c-26.2 3.8-36.7 36.1-17.7 54.6l105.7 103-25 145.5c-4.5 26.3 23.2 46 46.4 33.7L288 439.6l130.7 68.7c23.2 12.2 50.9-7.4 46.4-33.7l-25-145.5 105.7-103c19-18.5 8.5-50.8-17.7-54.6L382 150.2 316.7 17.8c-11.7-23.6-45.6-23.9-57.4 0z\"><\/path><\/svg>\t\t\t<\/div>\n\t\t<\/div>\n\t\t\t\t\t\t<\/div>\n\t\t\t\t<\/div>\n\t\t\t\t<div class=\"elementor-element elementor-element-532b4e6 elementor-view-default elementor-widget elementor-widget-icon\" data-id=\"532b4e6\" data-element_type=\"widget\" data-e-type=\"widget\" data-widget_type=\"icon.default\">\n\t\t\t\t<div class=\"elementor-widget-container\">\n\t\t\t\t\t\t\t<div class=\"elementor-icon-wrapper\">\n\t\t\t<div class=\"elementor-icon\">\n\t\t\t<svg aria-hidden=\"true\" class=\"e-font-icon-svg e-fas-star\" viewbox=\"0 0 576 512\" xmlns=\"http:\/\/www.w3.org\/2000\/svg\"><path d=\"M259.3 17.8L194 150.2 47.9 171.5c-26.2 3.8-36.7 36.1-17.7 54.6l105.7 103-25 145.5c-4.5 26.3 23.2 46 46.4 33.7L288 439.6l130.7 68.7c23.2 12.2 50.9-7.4 46.4-33.7l-25-145.5 105.7-103c19-18.5 8.5-50.8-17.7-54.6L382 150.2 316.7 17.8c-11.7-23.6-45.6-23.9-57.4 0z\"><\/path><\/svg>\t\t\t<\/div>\n\t\t<\/div>\n\t\t\t\t\t\t<\/div>\n\t\t\t\t<\/div>\n\t\t\t\t<\/div>\n\t\t\t\t<\/div>\n\t\t\t\t<div class=\"elementor-element elementor-element-d4ca9da elementor-widget elementor-widget-text-editor\" data-id=\"d4ca9da\" data-element_type=\"widget\" data-e-type=\"widget\" data-widget_type=\"text-editor.default\">\n\t\t\t\t<div class=\"elementor-widget-container\">\n\t\t\t\t\t\t\t\t\t<p>Identificamos la necesidad de ofrecer apoyo a otros propietarios en la gesti\u00f3n de sus inmuebles, poniendo a su disposici\u00f3n nuestro conocimiento y experiencia para asegurar un servicio de calidad excepcional y lograr la m\u00e1xima rentabilidad.<\/p>\t\t\t\t\t\t\t\t<\/div>\n\t\t\t\t<\/div>\n\t\t\t\t<\/div>\n\t\t\t\t\t<\/div>\n\t\t\t\t<\/div>\n\t\t\t\t<\/div>","protected":false},"excerpt":{"rendered":"<p>Descripci\u00f3n Eukene Soy Eukene S\u00e1nchez, fundadora y CEO de Rentkide. Soy una emprendedora apasionada, comprometida con ayudar a los dem\u00e1s. Mi objetivo es ofrecer un servicio de gesti\u00f3n de viviendas tur\u00edsticas que transmita confianza y profesionalismo. Como madre de familia numerosa, s\u00e9 lo importante que es crear un hogar acogedor para los hu\u00e9spedes. Con mi [&hellip;]<\/p>\n","protected":false},"author":1,"featured_media":0,"parent":0,"menu_order":0,"comment_status":"closed","ping_status":"closed","template":"","meta":{"footnotes":""},"class_list":["post-28","page","type-page","status-publish","hentry"],"yoast_head":"<!-- This site is optimized with the Yoast SEO plugin v27.3 - https:\/\/yoast.com\/product\/yoast-seo-wordpress\/ -->\n<title>RentKide - Gesti\u00f3n Inteligente de Viviendas Tur\u00edsticas<\/title>\n<meta name=\"robots\" content=\"index, follow, max-snippet:-1, max-image-preview:large, max-video-preview:-1\" \/>\n<link rel=\"canonical\" href=\"https:\/\/rentkide.com\/en\/rentkide\/\" \/>\n<meta property=\"og:locale\" content=\"en_US\" \/>\n<meta property=\"og:type\" content=\"article\" \/>\n<meta property=\"og:title\" content=\"RentKide - Gesti\u00f3n Inteligente de Viviendas Tur\u00edsticas\" \/>\n<meta property=\"og:description\" content=\"Descripci\u00f3n Eukene Soy Eukene S\u00e1nchez, fundadora y CEO de Rentkide. Soy una emprendedora apasionada, comprometida con ayudar a los dem\u00e1s. Mi objetivo es ofrecer un servicio de gesti\u00f3n de viviendas tur\u00edsticas que transmita confianza y profesionalismo. Como madre de familia numerosa, s\u00e9 lo importante que es crear un hogar acogedor para los hu\u00e9spedes. Con mi [&hellip;]\" \/>\n<meta property=\"og:url\" content=\"https:\/\/rentkide.com\/en\/rentkide\/\" \/>\n<meta property=\"og:site_name\" content=\"Gesti\u00f3n Inteligente de Viviendas Tur\u00edsticas\" \/>\n<meta property=\"article:modified_time\" content=\"2025-02-17T14:33:43+00:00\" \/>\n<meta property=\"og:image\" content=\"https:\/\/rentkide.com\/wp-content\/uploads\/2025\/02\/WhatsApp-Image-2025-02-05-at-12.00.50-e1739287456370.jpeg\" \/>\n\t<meta property=\"og:image:width\" content=\"483\" \/>\n\t<meta property=\"og:image:height\" content=\"730\" \/>\n\t<meta property=\"og:image:type\" content=\"image\/jpeg\" \/>\n<meta name=\"twitter:card\" content=\"summary_large_image\" \/>\n<meta name=\"twitter:label1\" content=\"Est. reading time\" \/>\n\t<meta name=\"twitter:data1\" content=\"2 minutes\" \/>\n<script type=\"application\/ld+json\" class=\"yoast-schema-graph\">{\"@context\":\"https:\\\/\\\/schema.org\",\"@graph\":[{\"@type\":\"WebPage\",\"@id\":\"https:\\\/\\\/rentkide.com\\\/rentkide\\\/\",\"url\":\"https:\\\/\\\/rentkide.com\\\/rentkide\\\/\",\"name\":\"RentKide - Gesti\u00f3n Inteligente de Viviendas Tur\u00edsticas\",\"isPartOf\":{\"@id\":\"https:\\\/\\\/rentkide.com\\\/#website\"},\"primaryImageOfPage\":{\"@id\":\"https:\\\/\\\/rentkide.com\\\/rentkide\\\/#primaryimage\"},\"image\":{\"@id\":\"https:\\\/\\\/rentkide.com\\\/rentkide\\\/#primaryimage\"},\"thumbnailUrl\":\"https:\\\/\\\/rentkide.com\\\/wp-content\\\/uploads\\\/2025\\\/02\\\/WhatsApp-Image-2025-02-05-at-12.00.50-e1739287456370.jpeg\",\"datePublished\":\"2024-12-19T13:40:29+00:00\",\"dateModified\":\"2025-02-17T14:33:43+00:00\",\"breadcrumb\":{\"@id\":\"https:\\\/\\\/rentkide.com\\\/rentkide\\\/#breadcrumb\"},\"inLanguage\":\"en-US\",\"potentialAction\":[{\"@type\":\"ReadAction\",\"target\":[\"https:\\\/\\\/rentkide.com\\\/rentkide\\\/\"]}]},{\"@type\":\"ImageObject\",\"inLanguage\":\"en-US\",\"@id\":\"https:\\\/\\\/rentkide.com\\\/rentkide\\\/#primaryimage\",\"url\":\"https:\\\/\\\/rentkide.com\\\/wp-content\\\/uploads\\\/2025\\\/02\\\/WhatsApp-Image-2025-02-05-at-12.00.50-e1739287456370.jpeg\",\"contentUrl\":\"https:\\\/\\\/rentkide.com\\\/wp-content\\\/uploads\\\/2025\\\/02\\\/WhatsApp-Image-2025-02-05-at-12.00.50-e1739287456370.jpeg\"},{\"@type\":\"BreadcrumbList\",\"@id\":\"https:\\\/\\\/rentkide.com\\\/rentkide\\\/#breadcrumb\",\"itemListElement\":[{\"@type\":\"ListItem\",\"position\":1,\"name\":\"Portada\",\"item\":\"https:\\\/\\\/rentkide.com\\\/\"},{\"@type\":\"ListItem\",\"position\":2,\"name\":\"RentKide\"}]},{\"@type\":\"WebSite\",\"@id\":\"https:\\\/\\\/rentkide.com\\\/#website\",\"url\":\"https:\\\/\\\/rentkide.com\\\/\",\"name\":\"Gesti\u00f3n Inteligente de Viviendas Tur\u00edsticas\",\"description\":\"\",\"publisher\":{\"@id\":\"https:\\\/\\\/rentkide.com\\\/#organization\"},\"potentialAction\":[{\"@type\":\"SearchAction\",\"target\":{\"@type\":\"EntryPoint\",\"urlTemplate\":\"https:\\\/\\\/rentkide.com\\\/?s={search_term_string}\"},\"query-input\":{\"@type\":\"PropertyValueSpecification\",\"valueRequired\":true,\"valueName\":\"search_term_string\"}}],\"inLanguage\":\"en-US\"},{\"@type\":\"Organization\",\"@id\":\"https:\\\/\\\/rentkide.com\\\/#organization\",\"name\":\"Gesti\u00f3n Inteligente de Viviendas Tur\u00edsticas\",\"url\":\"https:\\\/\\\/rentkide.com\\\/\",\"logo\":{\"@type\":\"ImageObject\",\"inLanguage\":\"en-US\",\"@id\":\"https:\\\/\\\/rentkide.com\\\/#\\\/schema\\\/logo\\\/image\\\/\",\"url\":\"https:\\\/\\\/rentkide.com\\\/wp-content\\\/uploads\\\/2024\\\/12\\\/cropped-RentKide-Logo_Mesa-de-trabajo-1b.png\",\"contentUrl\":\"https:\\\/\\\/rentkide.com\\\/wp-content\\\/uploads\\\/2024\\\/12\\\/cropped-RentKide-Logo_Mesa-de-trabajo-1b.png\",\"width\":1920,\"height\":765,\"caption\":\"Gesti\u00f3n Inteligente de Viviendas Tur\u00edsticas\"},\"image\":{\"@id\":\"https:\\\/\\\/rentkide.com\\\/#\\\/schema\\\/logo\\\/image\\\/\"}}]}<\/script>\n<!-- \/ Yoast SEO plugin. -->","yoast_head_json":{"title":"RentKide - Gesti\u00f3n Inteligente de Viviendas Tur\u00edsticas","robots":{"index":"index","follow":"follow","max-snippet":"max-snippet:-1","max-image-preview":"max-image-preview:large","max-video-preview":"max-video-preview:-1"},"canonical":"https:\/\/rentkide.com\/en\/rentkide\/","og_locale":"en_US","og_type":"article","og_title":"RentKide - Gesti\u00f3n Inteligente de Viviendas Tur\u00edsticas","og_description":"Descripci\u00f3n Eukene Soy Eukene S\u00e1nchez, fundadora y CEO de Rentkide. Soy una emprendedora apasionada, comprometida con ayudar a los dem\u00e1s. Mi objetivo es ofrecer un servicio de gesti\u00f3n de viviendas tur\u00edsticas que transmita confianza y profesionalismo. Como madre de familia numerosa, s\u00e9 lo importante que es crear un hogar acogedor para los hu\u00e9spedes. Con mi [&hellip;]","og_url":"https:\/\/rentkide.com\/en\/rentkide\/","og_site_name":"Gesti\u00f3n Inteligente de Viviendas Tur\u00edsticas","article_modified_time":"2025-02-17T14:33:43+00:00","og_image":[{"width":483,"height":730,"url":"https:\/\/rentkide.com\/wp-content\/uploads\/2025\/02\/WhatsApp-Image-2025-02-05-at-12.00.50-e1739287456370.jpeg","type":"image\/jpeg"}],"twitter_card":"summary_large_image","twitter_misc":{"Est. reading time":"2 minutes"},"schema":{"@context":"https:\/\/schema.org","@graph":[{"@type":"WebPage","@id":"https:\/\/rentkide.com\/rentkide\/","url":"https:\/\/rentkide.com\/rentkide\/","name":"RentKide - Gesti\u00f3n Inteligente de Viviendas Tur\u00edsticas","isPartOf":{"@id":"https:\/\/rentkide.com\/#website"},"primaryImageOfPage":{"@id":"https:\/\/rentkide.com\/rentkide\/#primaryimage"},"image":{"@id":"https:\/\/rentkide.com\/rentkide\/#primaryimage"},"thumbnailUrl":"https:\/\/rentkide.com\/wp-content\/uploads\/2025\/02\/WhatsApp-Image-2025-02-05-at-12.00.50-e1739287456370.jpeg","datePublished":"2024-12-19T13:40:29+00:00","dateModified":"2025-02-17T14:33:43+00:00","breadcrumb":{"@id":"https:\/\/rentkide.com\/rentkide\/#breadcrumb"},"inLanguage":"en-US","potentialAction":[{"@type":"ReadAction","target":["https:\/\/rentkide.com\/rentkide\/"]}]},{"@type":"ImageObject","inLanguage":"en-US","@id":"https:\/\/rentkide.com\/rentkide\/#primaryimage","url":"https:\/\/rentkide.com\/wp-content\/uploads\/2025\/02\/WhatsApp-Image-2025-02-05-at-12.00.50-e1739287456370.jpeg","contentUrl":"https:\/\/rentkide.com\/wp-content\/uploads\/2025\/02\/WhatsApp-Image-2025-02-05-at-12.00.50-e1739287456370.jpeg"},{"@type":"BreadcrumbList","@id":"https:\/\/rentkide.com\/rentkide\/#breadcrumb","itemListElement":[{"@type":"ListItem","position":1,"name":"Portada","item":"https:\/\/rentkide.com\/"},{"@type":"ListItem","position":2,"name":"RentKide"}]},{"@type":"WebSite","@id":"https:\/\/rentkide.com\/#website","url":"https:\/\/rentkide.com\/","name":"Gesti\u00f3n Inteligente de Viviendas Tur\u00edsticas","description":"","publisher":{"@id":"https:\/\/rentkide.com\/#organization"},"potentialAction":[{"@type":"SearchAction","target":{"@type":"EntryPoint","urlTemplate":"https:\/\/rentkide.com\/?s={search_term_string}"},"query-input":{"@type":"PropertyValueSpecification","valueRequired":true,"valueName":"search_term_string"}}],"inLanguage":"en-US"},{"@type":"Organization","@id":"https:\/\/rentkide.com\/#organization","name":"Gesti\u00f3n Inteligente de Viviendas Tur\u00edsticas","url":"https:\/\/rentkide.com\/","logo":{"@type":"ImageObject","inLanguage":"en-US","@id":"https:\/\/rentkide.com\/#\/schema\/logo\/image\/","url":"https:\/\/rentkide.com\/wp-content\/uploads\/2024\/12\/cropped-RentKide-Logo_Mesa-de-trabajo-1b.png","contentUrl":"https:\/\/rentkide.com\/wp-content\/uploads\/2024\/12\/cropped-RentKide-Logo_Mesa-de-trabajo-1b.png","width":1920,"height":765,"caption":"Gesti\u00f3n Inteligente de Viviendas Tur\u00edsticas"},"image":{"@id":"https:\/\/rentkide.com\/#\/schema\/logo\/image\/"}}]}},"_links":{"self":[{"href":"https:\/\/rentkide.com\/en\/wp-json\/wp\/v2\/pages\/28","targetHints":{"allow":["GET"]}}],"collection":[{"href":"https:\/\/rentkide.com\/en\/wp-json\/wp\/v2\/pages"}],"about":[{"href":"https:\/\/rentkide.com\/en\/wp-json\/wp\/v2\/types\/page"}],"author":[{"embeddable":true,"href":"https:\/\/rentkide.com\/en\/wp-json\/wp\/v2\/users\/1"}],"replies":[{"embeddable":true,"href":"https:\/\/rentkide.com\/en\/wp-json\/wp\/v2\/comments?post=28"}],"version-history":[{"count":143,"href":"https:\/\/rentkide.com\/en\/wp-json\/wp\/v2\/pages\/28\/revisions"}],"predecessor-version":[{"id":898,"href":"https:\/\/rentkide.com\/en\/wp-json\/wp\/v2\/pages\/28\/revisions\/898"}],"wp:attachment":[{"href":"https:\/\/rentkide.com\/en\/wp-json\/wp\/v2\/media?parent=28"}],"curies":[{"name":"wp","href":"https:\/\/api.w.org\/{rel}","templated":true}]}}