{"id":831,"date":"2025-02-11T14:41:02","date_gmt":"2025-02-11T14:41:02","guid":{"rendered":"https:\/\/rentkide.rkinformatika.online\/?post_type=product&#038;p=831"},"modified":"2025-02-11T14:41:02","modified_gmt":"2025-02-11T14:41:02","slug":"carteleria-informativa","status":"publish","type":"product","link":"https:\/\/rentkide.com\/en\/product\/carteleria-informativa\/","title":{"rendered":"Carteler\u00eda Informativa"},"content":{"rendered":"<p>&#8211; Dise\u00f1o de cartel informativo (No tocar, Prohibido fumar y Hay hojas de reclamaciones).<br \/>\n&#8211; Tama\u00f1o est\u00e1ndar para impresi\u00f3n (A4 o A3), adaptado seg\u00fan necesidades.<br \/>\n&#8211; Inclusi\u00f3n de iconograf\u00eda y estilo acorde al logotipo.<\/p>","protected":false},"excerpt":{"rendered":"<p>&#8211; Dise\u00f1o de cartel informativo (No tocar, Prohibido fumar y Hay hojas de reclamaciones).<br \/>\n&#8211; Tama\u00f1o est\u00e1ndar para impresi\u00f3n (A4 o A3), adaptado seg\u00fan necesidades.<br \/>\n&#8211; Inclusi\u00f3n de iconograf\u00eda y estilo acorde al logotipo.<\/p>","protected":false},"featured_media":832,"comment_status":"open","ping_status":"closed","template":"","meta":[],"product_brand":[],"product_cat":[35],"product_tag":[],"class_list":{"0":"post-831","1":"product","2":"type-product","3":"status-publish","4":"has-post-thumbnail","6":"product_cat-recursos-graficos","8":"first","9":"instock","10":"shipping-taxable","11":"purchasable","12":"product-type-simple"},"yoast_head":"<!-- This site is optimized with the Yoast SEO plugin v27.3 - https:\/\/yoast.com\/product\/yoast-seo-wordpress\/ -->\n<title>Carteler\u00eda Informativa - Gesti\u00f3n Inteligente de Viviendas Tur\u00edsticas<\/title>\n<meta name=\"robots\" content=\"index, follow, max-snippet:-1, max-image-preview:large, max-video-preview:-1\" \/>\n<link rel=\"canonical\" href=\"https:\/\/rentkide.com\/en\/product\/carteleria-informativa\/\" \/>\n<meta property=\"og:locale\" content=\"en_US\" \/>\n<meta property=\"og:type\" content=\"article\" \/>\n<meta property=\"og:title\" content=\"Carteler\u00eda Informativa - Gesti\u00f3n Inteligente de Viviendas Tur\u00edsticas\" \/>\n<meta property=\"og:description\" content=\"- Dise\u00f1o de cartel informativo (No tocar, Prohibido fumar y Hay hojas de reclamaciones). - Tama\u00f1o est\u00e1ndar para impresi\u00f3n (A4 o A3), adaptado seg\u00fan necesidades. - Inclusi\u00f3n de iconograf\u00eda y estilo acorde al logotipo.\" \/>\n<meta property=\"og:url\" content=\"https:\/\/rentkide.com\/en\/product\/carteleria-informativa\/\" \/>\n<meta property=\"og:site_name\" content=\"Gesti\u00f3n Inteligente de Viviendas Tur\u00edsticas\" \/>\n<meta property=\"og:image\" content=\"https:\/\/rentkide.com\/wp-content\/uploads\/2025\/02\/Design-sem-nome-3.jpg\" \/>\n\t<meta property=\"og:image:width\" content=\"800\" \/>\n\t<meta property=\"og:image:height\" content=\"800\" \/>\n\t<meta property=\"og:image:type\" content=\"image\/jpeg\" \/>\n<meta name=\"twitter:card\" content=\"summary_large_image\" \/>\n<meta name=\"twitter:label1\" content=\"Est. reading time\" \/>\n\t<meta name=\"twitter:data1\" content=\"1 minute\" \/>\n<script type=\"application\/ld+json\" class=\"yoast-schema-graph\">{\"@context\":\"https:\\\/\\\/schema.org\",\"@graph\":[{\"@type\":\"WebPage\",\"@id\":\"https:\\\/\\\/rentkide.com\\\/producto\\\/carteleria-informativa\\\/\",\"url\":\"https:\\\/\\\/rentkide.com\\\/producto\\\/carteleria-informativa\\\/\",\"name\":\"Carteler\u00eda Informativa - Gesti\u00f3n Inteligente de Viviendas Tur\u00edsticas\",\"isPartOf\":{\"@id\":\"https:\\\/\\\/rentkide.com\\\/#website\"},\"primaryImageOfPage\":{\"@id\":\"https:\\\/\\\/rentkide.com\\\/producto\\\/carteleria-informativa\\\/#primaryimage\"},\"image\":{\"@id\":\"https:\\\/\\\/rentkide.com\\\/producto\\\/carteleria-informativa\\\/#primaryimage\"},\"thumbnailUrl\":\"https:\\\/\\\/rentkide.com\\\/wp-content\\\/uploads\\\/2025\\\/02\\\/Design-sem-nome-3.jpg\",\"datePublished\":\"2025-02-11T14:41:02+00:00\",\"breadcrumb\":{\"@id\":\"https:\\\/\\\/rentkide.com\\\/producto\\\/carteleria-informativa\\\/#breadcrumb\"},\"inLanguage\":\"en-US\",\"potentialAction\":[{\"@type\":\"ReadAction\",\"target\":[\"https:\\\/\\\/rentkide.com\\\/producto\\\/carteleria-informativa\\\/\"]}]},{\"@type\":\"ImageObject\",\"inLanguage\":\"en-US\",\"@id\":\"https:\\\/\\\/rentkide.com\\\/producto\\\/carteleria-informativa\\\/#primaryimage\",\"url\":\"https:\\\/\\\/rentkide.com\\\/wp-content\\\/uploads\\\/2025\\\/02\\\/Design-sem-nome-3.jpg\",\"contentUrl\":\"https:\\\/\\\/rentkide.com\\\/wp-content\\\/uploads\\\/2025\\\/02\\\/Design-sem-nome-3.jpg\",\"width\":800,\"height\":800},{\"@type\":\"BreadcrumbList\",\"@id\":\"https:\\\/\\\/rentkide.com\\\/producto\\\/carteleria-informativa\\\/#breadcrumb\",\"itemListElement\":[{\"@type\":\"ListItem\",\"position\":1,\"name\":\"Portada\",\"item\":\"https:\\\/\\\/rentkide.com\\\/\"},{\"@type\":\"ListItem\",\"position\":2,\"name\":\"Tienda\",\"item\":\"https:\\\/\\\/rentkide.com\\\/tienda\\\/\"},{\"@type\":\"ListItem\",\"position\":3,\"name\":\"Carteler\u00eda Informativa\"}]},{\"@type\":\"WebSite\",\"@id\":\"https:\\\/\\\/rentkide.com\\\/#website\",\"url\":\"https:\\\/\\\/rentkide.com\\\/\",\"name\":\"Gesti\u00f3n Inteligente de Viviendas Tur\u00edsticas\",\"description\":\"\",\"publisher\":{\"@id\":\"https:\\\/\\\/rentkide.com\\\/#organization\"},\"potentialAction\":[{\"@type\":\"SearchAction\",\"target\":{\"@type\":\"EntryPoint\",\"urlTemplate\":\"https:\\\/\\\/rentkide.com\\\/?s={search_term_string}\"},\"query-input\":{\"@type\":\"PropertyValueSpecification\",\"valueRequired\":true,\"valueName\":\"search_term_string\"}}],\"inLanguage\":\"en-US\"},{\"@type\":\"Organization\",\"@id\":\"https:\\\/\\\/rentkide.com\\\/#organization\",\"name\":\"Gesti\u00f3n Inteligente de Viviendas Tur\u00edsticas\",\"url\":\"https:\\\/\\\/rentkide.com\\\/\",\"logo\":{\"@type\":\"ImageObject\",\"inLanguage\":\"en-US\",\"@id\":\"https:\\\/\\\/rentkide.com\\\/#\\\/schema\\\/logo\\\/image\\\/\",\"url\":\"https:\\\/\\\/rentkide.com\\\/wp-content\\\/uploads\\\/2024\\\/12\\\/cropped-RentKide-Logo_Mesa-de-trabajo-1b.png\",\"contentUrl\":\"https:\\\/\\\/rentkide.com\\\/wp-content\\\/uploads\\\/2024\\\/12\\\/cropped-RentKide-Logo_Mesa-de-trabajo-1b.png\",\"width\":1920,\"height\":765,\"caption\":\"Gesti\u00f3n Inteligente de Viviendas Tur\u00edsticas\"},\"image\":{\"@id\":\"https:\\\/\\\/rentkide.com\\\/#\\\/schema\\\/logo\\\/image\\\/\"}}]}<\/script>\n<!-- \/ Yoast SEO plugin. -->","yoast_head_json":{"title":"Carteler\u00eda Informativa - Gesti\u00f3n Inteligente de Viviendas Tur\u00edsticas","robots":{"index":"index","follow":"follow","max-snippet":"max-snippet:-1","max-image-preview":"max-image-preview:large","max-video-preview":"max-video-preview:-1"},"canonical":"https:\/\/rentkide.com\/en\/product\/carteleria-informativa\/","og_locale":"en_US","og_type":"article","og_title":"Carteler\u00eda Informativa - Gesti\u00f3n Inteligente de Viviendas Tur\u00edsticas","og_description":"- Dise\u00f1o de cartel informativo (No tocar, Prohibido fumar y Hay hojas de reclamaciones). - Tama\u00f1o est\u00e1ndar para impresi\u00f3n (A4 o A3), adaptado seg\u00fan necesidades. - Inclusi\u00f3n de iconograf\u00eda y estilo acorde al logotipo.","og_url":"https:\/\/rentkide.com\/en\/product\/carteleria-informativa\/","og_site_name":"Gesti\u00f3n Inteligente de Viviendas Tur\u00edsticas","og_image":[{"width":800,"height":800,"url":"https:\/\/rentkide.com\/wp-content\/uploads\/2025\/02\/Design-sem-nome-3.jpg","type":"image\/jpeg"}],"twitter_card":"summary_large_image","twitter_misc":{"Est. reading time":"1 minute"},"schema":{"@context":"https:\/\/schema.org","@graph":[{"@type":"WebPage","@id":"https:\/\/rentkide.com\/producto\/carteleria-informativa\/","url":"https:\/\/rentkide.com\/producto\/carteleria-informativa\/","name":"Carteler\u00eda Informativa - Gesti\u00f3n Inteligente de Viviendas Tur\u00edsticas","isPartOf":{"@id":"https:\/\/rentkide.com\/#website"},"primaryImageOfPage":{"@id":"https:\/\/rentkide.com\/producto\/carteleria-informativa\/#primaryimage"},"image":{"@id":"https:\/\/rentkide.com\/producto\/carteleria-informativa\/#primaryimage"},"thumbnailUrl":"https:\/\/rentkide.com\/wp-content\/uploads\/2025\/02\/Design-sem-nome-3.jpg","datePublished":"2025-02-11T14:41:02+00:00","breadcrumb":{"@id":"https:\/\/rentkide.com\/producto\/carteleria-informativa\/#breadcrumb"},"inLanguage":"en-US","potentialAction":[{"@type":"ReadAction","target":["https:\/\/rentkide.com\/producto\/carteleria-informativa\/"]}]},{"@type":"ImageObject","inLanguage":"en-US","@id":"https:\/\/rentkide.com\/producto\/carteleria-informativa\/#primaryimage","url":"https:\/\/rentkide.com\/wp-content\/uploads\/2025\/02\/Design-sem-nome-3.jpg","contentUrl":"https:\/\/rentkide.com\/wp-content\/uploads\/2025\/02\/Design-sem-nome-3.jpg","width":800,"height":800},{"@type":"BreadcrumbList","@id":"https:\/\/rentkide.com\/producto\/carteleria-informativa\/#breadcrumb","itemListElement":[{"@type":"ListItem","position":1,"name":"Portada","item":"https:\/\/rentkide.com\/"},{"@type":"ListItem","position":2,"name":"Tienda","item":"https:\/\/rentkide.com\/tienda\/"},{"@type":"ListItem","position":3,"name":"Carteler\u00eda Informativa"}]},{"@type":"WebSite","@id":"https:\/\/rentkide.com\/#website","url":"https:\/\/rentkide.com\/","name":"Gesti\u00f3n Inteligente de Viviendas Tur\u00edsticas","description":"","publisher":{"@id":"https:\/\/rentkide.com\/#organization"},"potentialAction":[{"@type":"SearchAction","target":{"@type":"EntryPoint","urlTemplate":"https:\/\/rentkide.com\/?s={search_term_string}"},"query-input":{"@type":"PropertyValueSpecification","valueRequired":true,"valueName":"search_term_string"}}],"inLanguage":"en-US"},{"@type":"Organization","@id":"https:\/\/rentkide.com\/#organization","name":"Gesti\u00f3n Inteligente de Viviendas Tur\u00edsticas","url":"https:\/\/rentkide.com\/","logo":{"@type":"ImageObject","inLanguage":"en-US","@id":"https:\/\/rentkide.com\/#\/schema\/logo\/image\/","url":"https:\/\/rentkide.com\/wp-content\/uploads\/2024\/12\/cropped-RentKide-Logo_Mesa-de-trabajo-1b.png","contentUrl":"https:\/\/rentkide.com\/wp-content\/uploads\/2024\/12\/cropped-RentKide-Logo_Mesa-de-trabajo-1b.png","width":1920,"height":765,"caption":"Gesti\u00f3n Inteligente de Viviendas Tur\u00edsticas"},"image":{"@id":"https:\/\/rentkide.com\/#\/schema\/logo\/image\/"}}]}},"_links":{"self":[{"href":"https:\/\/rentkide.com\/en\/wp-json\/wp\/v2\/product\/831","targetHints":{"allow":["GET"]}}],"collection":[{"href":"https:\/\/rentkide.com\/en\/wp-json\/wp\/v2\/product"}],"about":[{"href":"https:\/\/rentkide.com\/en\/wp-json\/wp\/v2\/types\/product"}],"replies":[{"embeddable":true,"href":"https:\/\/rentkide.com\/en\/wp-json\/wp\/v2\/comments?post=831"}],"wp:featuredmedia":[{"embeddable":true,"href":"https:\/\/rentkide.com\/en\/wp-json\/wp\/v2\/media\/832"}],"wp:attachment":[{"href":"https:\/\/rentkide.com\/en\/wp-json\/wp\/v2\/media?parent=831"}],"wp:term":[{"taxonomy":"product_brand","embeddable":true,"href":"https:\/\/rentkide.com\/en\/wp-json\/wp\/v2\/product_brand?post=831"},{"taxonomy":"product_cat","embeddable":true,"href":"https:\/\/rentkide.com\/en\/wp-json\/wp\/v2\/product_cat?post=831"},{"taxonomy":"product_tag","embeddable":true,"href":"https:\/\/rentkide.com\/en\/wp-json\/wp\/v2\/product_tag?post=831"}],"curies":[{"name":"wp","href":"https:\/\/api.w.org\/{rel}","templated":true}]}}