{"id":834,"date":"2025-02-11T14:51:21","date_gmt":"2025-02-11T14:51:21","guid":{"rendered":"https:\/\/rentkide.rkinformatika.online\/?post_type=product&#038;p=834"},"modified":"2025-02-11T14:51:21","modified_gmt":"2025-02-11T14:51:21","slug":"codigos-qr","status":"publish","type":"product","link":"https:\/\/rentkide.com\/en\/product\/codigos-qr\/","title":{"rendered":"C\u00f3digos QR"},"content":{"rendered":"<p>&#8211; Generaci\u00f3n de un c\u00f3digo QR para acceso r\u00e1pido a informaci\u00f3n importante (manual de la casa, WiFi, recomendaciones locales, etc.).<br \/>\n&#8211; Dise\u00f1o est\u00e9tico del QR acorde con la imagen de marca.<br \/>\n&#8211; Pruebas de funcionalidad y optimizaci\u00f3n para todos los dispositivos.<\/p>","protected":false},"excerpt":{"rendered":"<p>&#8211; Generaci\u00f3n de un c\u00f3digo QR para acceso r\u00e1pido a informaci\u00f3n importante (manual de la casa, WiFi, recomendaciones locales, etc.).<br \/>\n&#8211; Dise\u00f1o est\u00e9tico del QR acorde con la imagen de marca.<br \/>\n&#8211; Pruebas de funcionalidad y optimizaci\u00f3n para todos los dispositivos.<\/p>","protected":false},"featured_media":835,"comment_status":"open","ping_status":"closed","template":"","meta":[],"product_brand":[],"product_cat":[35],"product_tag":[],"class_list":{"0":"post-834","1":"product","2":"type-product","3":"status-publish","4":"has-post-thumbnail","6":"product_cat-recursos-graficos","8":"first","9":"instock","10":"shipping-taxable","11":"purchasable","12":"product-type-simple"},"yoast_head":"<!-- This site is optimized with the Yoast SEO plugin v27.3 - https:\/\/yoast.com\/product\/yoast-seo-wordpress\/ -->\n<title>C\u00f3digos QR - Gesti\u00f3n Inteligente de Viviendas Tur\u00edsticas<\/title>\n<meta name=\"robots\" content=\"index, follow, max-snippet:-1, max-image-preview:large, max-video-preview:-1\" \/>\n<link rel=\"canonical\" href=\"https:\/\/rentkide.com\/en\/product\/codigos-qr\/\" \/>\n<meta property=\"og:locale\" content=\"en_US\" \/>\n<meta property=\"og:type\" content=\"article\" \/>\n<meta property=\"og:title\" content=\"C\u00f3digos QR - Gesti\u00f3n Inteligente de Viviendas Tur\u00edsticas\" \/>\n<meta property=\"og:description\" content=\"- Generaci\u00f3n de un c\u00f3digo QR para acceso r\u00e1pido a informaci\u00f3n importante (manual de la casa, WiFi, recomendaciones locales, etc.). - Dise\u00f1o est\u00e9tico del QR acorde con la imagen de marca. - Pruebas de funcionalidad y optimizaci\u00f3n para todos los dispositivos.\" \/>\n<meta property=\"og:url\" content=\"https:\/\/rentkide.com\/en\/product\/codigos-qr\/\" \/>\n<meta property=\"og:site_name\" content=\"Gesti\u00f3n Inteligente de Viviendas Tur\u00edsticas\" \/>\n<meta property=\"og:image\" content=\"https:\/\/rentkide.com\/wp-content\/uploads\/2025\/02\/Design-sem-nome-4.jpg\" \/>\n\t<meta property=\"og:image:width\" content=\"800\" \/>\n\t<meta property=\"og:image:height\" content=\"800\" \/>\n\t<meta property=\"og:image:type\" content=\"image\/jpeg\" \/>\n<meta name=\"twitter:card\" content=\"summary_large_image\" \/>\n<meta name=\"twitter:label1\" content=\"Est. reading time\" \/>\n\t<meta name=\"twitter:data1\" content=\"1 minute\" \/>\n<script type=\"application\/ld+json\" class=\"yoast-schema-graph\">{\"@context\":\"https:\\\/\\\/schema.org\",\"@graph\":[{\"@type\":\"WebPage\",\"@id\":\"https:\\\/\\\/rentkide.com\\\/producto\\\/codigos-qr\\\/\",\"url\":\"https:\\\/\\\/rentkide.com\\\/producto\\\/codigos-qr\\\/\",\"name\":\"C\u00f3digos QR - Gesti\u00f3n Inteligente de Viviendas Tur\u00edsticas\",\"isPartOf\":{\"@id\":\"https:\\\/\\\/rentkide.com\\\/#website\"},\"primaryImageOfPage\":{\"@id\":\"https:\\\/\\\/rentkide.com\\\/producto\\\/codigos-qr\\\/#primaryimage\"},\"image\":{\"@id\":\"https:\\\/\\\/rentkide.com\\\/producto\\\/codigos-qr\\\/#primaryimage\"},\"thumbnailUrl\":\"https:\\\/\\\/rentkide.com\\\/wp-content\\\/uploads\\\/2025\\\/02\\\/Design-sem-nome-4.jpg\",\"datePublished\":\"2025-02-11T14:51:21+00:00\",\"breadcrumb\":{\"@id\":\"https:\\\/\\\/rentkide.com\\\/producto\\\/codigos-qr\\\/#breadcrumb\"},\"inLanguage\":\"en-US\",\"potentialAction\":[{\"@type\":\"ReadAction\",\"target\":[\"https:\\\/\\\/rentkide.com\\\/producto\\\/codigos-qr\\\/\"]}]},{\"@type\":\"ImageObject\",\"inLanguage\":\"en-US\",\"@id\":\"https:\\\/\\\/rentkide.com\\\/producto\\\/codigos-qr\\\/#primaryimage\",\"url\":\"https:\\\/\\\/rentkide.com\\\/wp-content\\\/uploads\\\/2025\\\/02\\\/Design-sem-nome-4.jpg\",\"contentUrl\":\"https:\\\/\\\/rentkide.com\\\/wp-content\\\/uploads\\\/2025\\\/02\\\/Design-sem-nome-4.jpg\",\"width\":800,\"height\":800},{\"@type\":\"BreadcrumbList\",\"@id\":\"https:\\\/\\\/rentkide.com\\\/producto\\\/codigos-qr\\\/#breadcrumb\",\"itemListElement\":[{\"@type\":\"ListItem\",\"position\":1,\"name\":\"Portada\",\"item\":\"https:\\\/\\\/rentkide.com\\\/\"},{\"@type\":\"ListItem\",\"position\":2,\"name\":\"Tienda\",\"item\":\"https:\\\/\\\/rentkide.com\\\/tienda\\\/\"},{\"@type\":\"ListItem\",\"position\":3,\"name\":\"C\u00f3digos QR\"}]},{\"@type\":\"WebSite\",\"@id\":\"https:\\\/\\\/rentkide.com\\\/#website\",\"url\":\"https:\\\/\\\/rentkide.com\\\/\",\"name\":\"Gesti\u00f3n Inteligente de Viviendas Tur\u00edsticas\",\"description\":\"\",\"publisher\":{\"@id\":\"https:\\\/\\\/rentkide.com\\\/#organization\"},\"potentialAction\":[{\"@type\":\"SearchAction\",\"target\":{\"@type\":\"EntryPoint\",\"urlTemplate\":\"https:\\\/\\\/rentkide.com\\\/?s={search_term_string}\"},\"query-input\":{\"@type\":\"PropertyValueSpecification\",\"valueRequired\":true,\"valueName\":\"search_term_string\"}}],\"inLanguage\":\"en-US\"},{\"@type\":\"Organization\",\"@id\":\"https:\\\/\\\/rentkide.com\\\/#organization\",\"name\":\"Gesti\u00f3n Inteligente de Viviendas Tur\u00edsticas\",\"url\":\"https:\\\/\\\/rentkide.com\\\/\",\"logo\":{\"@type\":\"ImageObject\",\"inLanguage\":\"en-US\",\"@id\":\"https:\\\/\\\/rentkide.com\\\/#\\\/schema\\\/logo\\\/image\\\/\",\"url\":\"https:\\\/\\\/rentkide.com\\\/wp-content\\\/uploads\\\/2024\\\/12\\\/cropped-RentKide-Logo_Mesa-de-trabajo-1b.png\",\"contentUrl\":\"https:\\\/\\\/rentkide.com\\\/wp-content\\\/uploads\\\/2024\\\/12\\\/cropped-RentKide-Logo_Mesa-de-trabajo-1b.png\",\"width\":1920,\"height\":765,\"caption\":\"Gesti\u00f3n Inteligente de Viviendas Tur\u00edsticas\"},\"image\":{\"@id\":\"https:\\\/\\\/rentkide.com\\\/#\\\/schema\\\/logo\\\/image\\\/\"}}]}<\/script>\n<!-- \/ Yoast SEO plugin. -->","yoast_head_json":{"title":"C\u00f3digos QR - Gesti\u00f3n Inteligente de Viviendas Tur\u00edsticas","robots":{"index":"index","follow":"follow","max-snippet":"max-snippet:-1","max-image-preview":"max-image-preview:large","max-video-preview":"max-video-preview:-1"},"canonical":"https:\/\/rentkide.com\/en\/product\/codigos-qr\/","og_locale":"en_US","og_type":"article","og_title":"C\u00f3digos QR - Gesti\u00f3n Inteligente de Viviendas Tur\u00edsticas","og_description":"- Generaci\u00f3n de un c\u00f3digo QR para acceso r\u00e1pido a informaci\u00f3n importante (manual de la casa, WiFi, recomendaciones locales, etc.). - Dise\u00f1o est\u00e9tico del QR acorde con la imagen de marca. - Pruebas de funcionalidad y optimizaci\u00f3n para todos los dispositivos.","og_url":"https:\/\/rentkide.com\/en\/product\/codigos-qr\/","og_site_name":"Gesti\u00f3n Inteligente de Viviendas Tur\u00edsticas","og_image":[{"width":800,"height":800,"url":"https:\/\/rentkide.com\/wp-content\/uploads\/2025\/02\/Design-sem-nome-4.jpg","type":"image\/jpeg"}],"twitter_card":"summary_large_image","twitter_misc":{"Est. reading time":"1 minute"},"schema":{"@context":"https:\/\/schema.org","@graph":[{"@type":"WebPage","@id":"https:\/\/rentkide.com\/producto\/codigos-qr\/","url":"https:\/\/rentkide.com\/producto\/codigos-qr\/","name":"C\u00f3digos QR - Gesti\u00f3n Inteligente de Viviendas Tur\u00edsticas","isPartOf":{"@id":"https:\/\/rentkide.com\/#website"},"primaryImageOfPage":{"@id":"https:\/\/rentkide.com\/producto\/codigos-qr\/#primaryimage"},"image":{"@id":"https:\/\/rentkide.com\/producto\/codigos-qr\/#primaryimage"},"thumbnailUrl":"https:\/\/rentkide.com\/wp-content\/uploads\/2025\/02\/Design-sem-nome-4.jpg","datePublished":"2025-02-11T14:51:21+00:00","breadcrumb":{"@id":"https:\/\/rentkide.com\/producto\/codigos-qr\/#breadcrumb"},"inLanguage":"en-US","potentialAction":[{"@type":"ReadAction","target":["https:\/\/rentkide.com\/producto\/codigos-qr\/"]}]},{"@type":"ImageObject","inLanguage":"en-US","@id":"https:\/\/rentkide.com\/producto\/codigos-qr\/#primaryimage","url":"https:\/\/rentkide.com\/wp-content\/uploads\/2025\/02\/Design-sem-nome-4.jpg","contentUrl":"https:\/\/rentkide.com\/wp-content\/uploads\/2025\/02\/Design-sem-nome-4.jpg","width":800,"height":800},{"@type":"BreadcrumbList","@id":"https:\/\/rentkide.com\/producto\/codigos-qr\/#breadcrumb","itemListElement":[{"@type":"ListItem","position":1,"name":"Portada","item":"https:\/\/rentkide.com\/"},{"@type":"ListItem","position":2,"name":"Tienda","item":"https:\/\/rentkide.com\/tienda\/"},{"@type":"ListItem","position":3,"name":"C\u00f3digos QR"}]},{"@type":"WebSite","@id":"https:\/\/rentkide.com\/#website","url":"https:\/\/rentkide.com\/","name":"Gesti\u00f3n Inteligente de Viviendas Tur\u00edsticas","description":"","publisher":{"@id":"https:\/\/rentkide.com\/#organization"},"potentialAction":[{"@type":"SearchAction","target":{"@type":"EntryPoint","urlTemplate":"https:\/\/rentkide.com\/?s={search_term_string}"},"query-input":{"@type":"PropertyValueSpecification","valueRequired":true,"valueName":"search_term_string"}}],"inLanguage":"en-US"},{"@type":"Organization","@id":"https:\/\/rentkide.com\/#organization","name":"Gesti\u00f3n Inteligente de Viviendas Tur\u00edsticas","url":"https:\/\/rentkide.com\/","logo":{"@type":"ImageObject","inLanguage":"en-US","@id":"https:\/\/rentkide.com\/#\/schema\/logo\/image\/","url":"https:\/\/rentkide.com\/wp-content\/uploads\/2024\/12\/cropped-RentKide-Logo_Mesa-de-trabajo-1b.png","contentUrl":"https:\/\/rentkide.com\/wp-content\/uploads\/2024\/12\/cropped-RentKide-Logo_Mesa-de-trabajo-1b.png","width":1920,"height":765,"caption":"Gesti\u00f3n Inteligente de Viviendas Tur\u00edsticas"},"image":{"@id":"https:\/\/rentkide.com\/#\/schema\/logo\/image\/"}}]}},"_links":{"self":[{"href":"https:\/\/rentkide.com\/en\/wp-json\/wp\/v2\/product\/834","targetHints":{"allow":["GET"]}}],"collection":[{"href":"https:\/\/rentkide.com\/en\/wp-json\/wp\/v2\/product"}],"about":[{"href":"https:\/\/rentkide.com\/en\/wp-json\/wp\/v2\/types\/product"}],"replies":[{"embeddable":true,"href":"https:\/\/rentkide.com\/en\/wp-json\/wp\/v2\/comments?post=834"}],"wp:featuredmedia":[{"embeddable":true,"href":"https:\/\/rentkide.com\/en\/wp-json\/wp\/v2\/media\/835"}],"wp:attachment":[{"href":"https:\/\/rentkide.com\/en\/wp-json\/wp\/v2\/media?parent=834"}],"wp:term":[{"taxonomy":"product_brand","embeddable":true,"href":"https:\/\/rentkide.com\/en\/wp-json\/wp\/v2\/product_brand?post=834"},{"taxonomy":"product_cat","embeddable":true,"href":"https:\/\/rentkide.com\/en\/wp-json\/wp\/v2\/product_cat?post=834"},{"taxonomy":"product_tag","embeddable":true,"href":"https:\/\/rentkide.com\/en\/wp-json\/wp\/v2\/product_tag?post=834"}],"curies":[{"name":"wp","href":"https:\/\/api.w.org\/{rel}","templated":true}]}}