{"id":836,"date":"2025-02-11T14:54:30","date_gmt":"2025-02-11T14:54:30","guid":{"rendered":"https:\/\/rentkide.rkinformatika.online\/?post_type=product&#038;p=836"},"modified":"2025-02-11T14:54:30","modified_gmt":"2025-02-11T14:54:30","slug":"diseno-de-dossier","status":"publish","type":"product","link":"https:\/\/rentkide.com\/en\/product\/diseno-de-dossier\/","title":{"rendered":"Dise\u00f1o de Dossier"},"content":{"rendered":"<p>&#8211; Creaci\u00f3n del dise\u00f1o gr\u00e1fico personalizado para el dossier en 3 idiomas en formato abierto DIN A3 (420&#215;297 mm), plegado a DIN A4 (210&#215;297 mm).<br \/>\n&#8211; Integraci\u00f3n de los elementos gr\u00e1ficos proporcionados por el cliente (logos, im\u00e1genes, textos) y creaci\u00f3n de elementos visuales complementarios si<br \/>\nes necesario.<\/p>","protected":false},"excerpt":{"rendered":"<p>&#8211; Creaci\u00f3n del dise\u00f1o gr\u00e1fico personalizado para el dossier en 3 idiomas en formato abierto DIN A3 (420&#215;297 mm), plegado a DIN A4 (210&#215;297 mm).<br \/>\n&#8211; Integraci\u00f3n de los elementos gr\u00e1ficos proporcionados por el cliente (logos, im\u00e1genes, textos) y creaci\u00f3n de elementos visuales complementarios si<br \/>\nes necesario.<\/p>","protected":false},"featured_media":837,"comment_status":"open","ping_status":"closed","template":"","meta":[],"product_brand":[],"product_cat":[35],"product_tag":[],"class_list":{"0":"post-836","1":"product","2":"type-product","3":"status-publish","4":"has-post-thumbnail","6":"product_cat-recursos-graficos","8":"first","9":"instock","10":"shipping-taxable","11":"purchasable","12":"product-type-simple"},"yoast_head":"<!-- This site is optimized with the Yoast SEO plugin v27.3 - https:\/\/yoast.com\/product\/yoast-seo-wordpress\/ -->\n<title>Dise\u00f1o de Dossier - Gesti\u00f3n Inteligente de Viviendas Tur\u00edsticas<\/title>\n<meta name=\"robots\" content=\"index, follow, max-snippet:-1, max-image-preview:large, max-video-preview:-1\" \/>\n<link rel=\"canonical\" href=\"https:\/\/rentkide.com\/en\/product\/diseno-de-dossier\/\" \/>\n<meta property=\"og:locale\" content=\"en_US\" \/>\n<meta property=\"og:type\" content=\"article\" \/>\n<meta property=\"og:title\" content=\"Dise\u00f1o de Dossier - Gesti\u00f3n Inteligente de Viviendas Tur\u00edsticas\" \/>\n<meta property=\"og:description\" content=\"- Creaci\u00f3n del dise\u00f1o gr\u00e1fico personalizado para el dossier en 3 idiomas en formato abierto DIN A3 (420x297 mm), plegado a DIN A4 (210x297 mm). - Integraci\u00f3n de los elementos gr\u00e1ficos proporcionados por el cliente (logos, im\u00e1genes, textos) y creaci\u00f3n de elementos visuales complementarios si es necesario.\" \/>\n<meta property=\"og:url\" content=\"https:\/\/rentkide.com\/en\/product\/diseno-de-dossier\/\" \/>\n<meta property=\"og:site_name\" content=\"Gesti\u00f3n Inteligente de Viviendas Tur\u00edsticas\" \/>\n<meta property=\"og:image\" content=\"https:\/\/rentkide.com\/wp-content\/uploads\/2025\/02\/Design-sem-nome-5.jpg\" \/>\n\t<meta property=\"og:image:width\" content=\"800\" \/>\n\t<meta property=\"og:image:height\" content=\"800\" \/>\n\t<meta property=\"og:image:type\" content=\"image\/jpeg\" \/>\n<meta name=\"twitter:card\" content=\"summary_large_image\" \/>\n<meta name=\"twitter:label1\" content=\"Est. reading time\" \/>\n\t<meta name=\"twitter:data1\" content=\"1 minute\" \/>\n<script type=\"application\/ld+json\" class=\"yoast-schema-graph\">{\"@context\":\"https:\\\/\\\/schema.org\",\"@graph\":[{\"@type\":\"WebPage\",\"@id\":\"https:\\\/\\\/rentkide.com\\\/producto\\\/diseno-de-dossier\\\/\",\"url\":\"https:\\\/\\\/rentkide.com\\\/producto\\\/diseno-de-dossier\\\/\",\"name\":\"Dise\u00f1o de Dossier - Gesti\u00f3n Inteligente de Viviendas Tur\u00edsticas\",\"isPartOf\":{\"@id\":\"https:\\\/\\\/rentkide.com\\\/#website\"},\"primaryImageOfPage\":{\"@id\":\"https:\\\/\\\/rentkide.com\\\/producto\\\/diseno-de-dossier\\\/#primaryimage\"},\"image\":{\"@id\":\"https:\\\/\\\/rentkide.com\\\/producto\\\/diseno-de-dossier\\\/#primaryimage\"},\"thumbnailUrl\":\"https:\\\/\\\/rentkide.com\\\/wp-content\\\/uploads\\\/2025\\\/02\\\/Design-sem-nome-5.jpg\",\"datePublished\":\"2025-02-11T14:54:30+00:00\",\"breadcrumb\":{\"@id\":\"https:\\\/\\\/rentkide.com\\\/producto\\\/diseno-de-dossier\\\/#breadcrumb\"},\"inLanguage\":\"en-US\",\"potentialAction\":[{\"@type\":\"ReadAction\",\"target\":[\"https:\\\/\\\/rentkide.com\\\/producto\\\/diseno-de-dossier\\\/\"]}]},{\"@type\":\"ImageObject\",\"inLanguage\":\"en-US\",\"@id\":\"https:\\\/\\\/rentkide.com\\\/producto\\\/diseno-de-dossier\\\/#primaryimage\",\"url\":\"https:\\\/\\\/rentkide.com\\\/wp-content\\\/uploads\\\/2025\\\/02\\\/Design-sem-nome-5.jpg\",\"contentUrl\":\"https:\\\/\\\/rentkide.com\\\/wp-content\\\/uploads\\\/2025\\\/02\\\/Design-sem-nome-5.jpg\",\"width\":800,\"height\":800},{\"@type\":\"BreadcrumbList\",\"@id\":\"https:\\\/\\\/rentkide.com\\\/producto\\\/diseno-de-dossier\\\/#breadcrumb\",\"itemListElement\":[{\"@type\":\"ListItem\",\"position\":1,\"name\":\"Portada\",\"item\":\"https:\\\/\\\/rentkide.com\\\/\"},{\"@type\":\"ListItem\",\"position\":2,\"name\":\"Tienda\",\"item\":\"https:\\\/\\\/rentkide.com\\\/tienda\\\/\"},{\"@type\":\"ListItem\",\"position\":3,\"name\":\"Dise\u00f1o de Dossier\"}]},{\"@type\":\"WebSite\",\"@id\":\"https:\\\/\\\/rentkide.com\\\/#website\",\"url\":\"https:\\\/\\\/rentkide.com\\\/\",\"name\":\"Gesti\u00f3n Inteligente de Viviendas Tur\u00edsticas\",\"description\":\"\",\"publisher\":{\"@id\":\"https:\\\/\\\/rentkide.com\\\/#organization\"},\"potentialAction\":[{\"@type\":\"SearchAction\",\"target\":{\"@type\":\"EntryPoint\",\"urlTemplate\":\"https:\\\/\\\/rentkide.com\\\/?s={search_term_string}\"},\"query-input\":{\"@type\":\"PropertyValueSpecification\",\"valueRequired\":true,\"valueName\":\"search_term_string\"}}],\"inLanguage\":\"en-US\"},{\"@type\":\"Organization\",\"@id\":\"https:\\\/\\\/rentkide.com\\\/#organization\",\"name\":\"Gesti\u00f3n Inteligente de Viviendas Tur\u00edsticas\",\"url\":\"https:\\\/\\\/rentkide.com\\\/\",\"logo\":{\"@type\":\"ImageObject\",\"inLanguage\":\"en-US\",\"@id\":\"https:\\\/\\\/rentkide.com\\\/#\\\/schema\\\/logo\\\/image\\\/\",\"url\":\"https:\\\/\\\/rentkide.com\\\/wp-content\\\/uploads\\\/2024\\\/12\\\/cropped-RentKide-Logo_Mesa-de-trabajo-1b.png\",\"contentUrl\":\"https:\\\/\\\/rentkide.com\\\/wp-content\\\/uploads\\\/2024\\\/12\\\/cropped-RentKide-Logo_Mesa-de-trabajo-1b.png\",\"width\":1920,\"height\":765,\"caption\":\"Gesti\u00f3n Inteligente de Viviendas Tur\u00edsticas\"},\"image\":{\"@id\":\"https:\\\/\\\/rentkide.com\\\/#\\\/schema\\\/logo\\\/image\\\/\"}}]}<\/script>\n<!-- \/ Yoast SEO plugin. -->","yoast_head_json":{"title":"Dise\u00f1o de Dossier - Gesti\u00f3n Inteligente de Viviendas Tur\u00edsticas","robots":{"index":"index","follow":"follow","max-snippet":"max-snippet:-1","max-image-preview":"max-image-preview:large","max-video-preview":"max-video-preview:-1"},"canonical":"https:\/\/rentkide.com\/en\/product\/diseno-de-dossier\/","og_locale":"en_US","og_type":"article","og_title":"Dise\u00f1o de Dossier - Gesti\u00f3n Inteligente de Viviendas Tur\u00edsticas","og_description":"- Creaci\u00f3n del dise\u00f1o gr\u00e1fico personalizado para el dossier en 3 idiomas en formato abierto DIN A3 (420x297 mm), plegado a DIN A4 (210x297 mm). - Integraci\u00f3n de los elementos gr\u00e1ficos proporcionados por el cliente (logos, im\u00e1genes, textos) y creaci\u00f3n de elementos visuales complementarios si es necesario.","og_url":"https:\/\/rentkide.com\/en\/product\/diseno-de-dossier\/","og_site_name":"Gesti\u00f3n Inteligente de Viviendas Tur\u00edsticas","og_image":[{"width":800,"height":800,"url":"https:\/\/rentkide.com\/wp-content\/uploads\/2025\/02\/Design-sem-nome-5.jpg","type":"image\/jpeg"}],"twitter_card":"summary_large_image","twitter_misc":{"Est. reading time":"1 minute"},"schema":{"@context":"https:\/\/schema.org","@graph":[{"@type":"WebPage","@id":"https:\/\/rentkide.com\/producto\/diseno-de-dossier\/","url":"https:\/\/rentkide.com\/producto\/diseno-de-dossier\/","name":"Dise\u00f1o de Dossier - Gesti\u00f3n Inteligente de Viviendas Tur\u00edsticas","isPartOf":{"@id":"https:\/\/rentkide.com\/#website"},"primaryImageOfPage":{"@id":"https:\/\/rentkide.com\/producto\/diseno-de-dossier\/#primaryimage"},"image":{"@id":"https:\/\/rentkide.com\/producto\/diseno-de-dossier\/#primaryimage"},"thumbnailUrl":"https:\/\/rentkide.com\/wp-content\/uploads\/2025\/02\/Design-sem-nome-5.jpg","datePublished":"2025-02-11T14:54:30+00:00","breadcrumb":{"@id":"https:\/\/rentkide.com\/producto\/diseno-de-dossier\/#breadcrumb"},"inLanguage":"en-US","potentialAction":[{"@type":"ReadAction","target":["https:\/\/rentkide.com\/producto\/diseno-de-dossier\/"]}]},{"@type":"ImageObject","inLanguage":"en-US","@id":"https:\/\/rentkide.com\/producto\/diseno-de-dossier\/#primaryimage","url":"https:\/\/rentkide.com\/wp-content\/uploads\/2025\/02\/Design-sem-nome-5.jpg","contentUrl":"https:\/\/rentkide.com\/wp-content\/uploads\/2025\/02\/Design-sem-nome-5.jpg","width":800,"height":800},{"@type":"BreadcrumbList","@id":"https:\/\/rentkide.com\/producto\/diseno-de-dossier\/#breadcrumb","itemListElement":[{"@type":"ListItem","position":1,"name":"Portada","item":"https:\/\/rentkide.com\/"},{"@type":"ListItem","position":2,"name":"Tienda","item":"https:\/\/rentkide.com\/tienda\/"},{"@type":"ListItem","position":3,"name":"Dise\u00f1o de Dossier"}]},{"@type":"WebSite","@id":"https:\/\/rentkide.com\/#website","url":"https:\/\/rentkide.com\/","name":"Gesti\u00f3n Inteligente de Viviendas Tur\u00edsticas","description":"","publisher":{"@id":"https:\/\/rentkide.com\/#organization"},"potentialAction":[{"@type":"SearchAction","target":{"@type":"EntryPoint","urlTemplate":"https:\/\/rentkide.com\/?s={search_term_string}"},"query-input":{"@type":"PropertyValueSpecification","valueRequired":true,"valueName":"search_term_string"}}],"inLanguage":"en-US"},{"@type":"Organization","@id":"https:\/\/rentkide.com\/#organization","name":"Gesti\u00f3n Inteligente de Viviendas Tur\u00edsticas","url":"https:\/\/rentkide.com\/","logo":{"@type":"ImageObject","inLanguage":"en-US","@id":"https:\/\/rentkide.com\/#\/schema\/logo\/image\/","url":"https:\/\/rentkide.com\/wp-content\/uploads\/2024\/12\/cropped-RentKide-Logo_Mesa-de-trabajo-1b.png","contentUrl":"https:\/\/rentkide.com\/wp-content\/uploads\/2024\/12\/cropped-RentKide-Logo_Mesa-de-trabajo-1b.png","width":1920,"height":765,"caption":"Gesti\u00f3n Inteligente de Viviendas Tur\u00edsticas"},"image":{"@id":"https:\/\/rentkide.com\/#\/schema\/logo\/image\/"}}]}},"_links":{"self":[{"href":"https:\/\/rentkide.com\/en\/wp-json\/wp\/v2\/product\/836","targetHints":{"allow":["GET"]}}],"collection":[{"href":"https:\/\/rentkide.com\/en\/wp-json\/wp\/v2\/product"}],"about":[{"href":"https:\/\/rentkide.com\/en\/wp-json\/wp\/v2\/types\/product"}],"replies":[{"embeddable":true,"href":"https:\/\/rentkide.com\/en\/wp-json\/wp\/v2\/comments?post=836"}],"wp:featuredmedia":[{"embeddable":true,"href":"https:\/\/rentkide.com\/en\/wp-json\/wp\/v2\/media\/837"}],"wp:attachment":[{"href":"https:\/\/rentkide.com\/en\/wp-json\/wp\/v2\/media?parent=836"}],"wp:term":[{"taxonomy":"product_brand","embeddable":true,"href":"https:\/\/rentkide.com\/en\/wp-json\/wp\/v2\/product_brand?post=836"},{"taxonomy":"product_cat","embeddable":true,"href":"https:\/\/rentkide.com\/en\/wp-json\/wp\/v2\/product_cat?post=836"},{"taxonomy":"product_tag","embeddable":true,"href":"https:\/\/rentkide.com\/en\/wp-json\/wp\/v2\/product_tag?post=836"}],"curies":[{"name":"wp","href":"https:\/\/api.w.org\/{rel}","templated":true}]}}